{"id":4582,"date":"2023-05-08T14:28:08","date_gmt":"2023-05-08T17:28:08","guid":{"rendered":"https:\/\/macneeds.com\/site\/?page_id=4582"},"modified":"2023-05-08T15:25:28","modified_gmt":"2023-05-08T18:25:28","slug":"politica-de-privacidade","status":"publish","type":"page","link":"https:\/\/macneeds.com\/site\/politica-de-privacidade\/","title":{"rendered":"Pol\u00edtica de Privacidade"},"content":{"rendered":"\t\t<div data-elementor-type=\"wp-page\" data-elementor-id=\"4582\" class=\"elementor elementor-4582\">\n\t\t\t\t\t\t<section class=\"elementor-section elementor-top-section elementor-element elementor-element-0988227 elementor-section-full_width elementor-section-stretched elementor-section-height-default elementor-section-height-default\" data-id=\"0988227\" data-element_type=\"section\" data-settings=\"{&quot;stretch_section&quot;:&quot;section-stretched&quot;}\">\n\t\t\t\t\t\t<div class=\"elementor-container elementor-column-gap-default\">\n\t\t\t\t\t<div class=\"elementor-column elementor-col-100 elementor-top-column elementor-element elementor-element-f4f211c\" data-id=\"f4f211c\" data-element_type=\"column\">\n\t\t\t<div class=\"elementor-widget-wrap elementor-element-populated\">\n\t\t\t\t\t\t<section class=\"elementor-section elementor-inner-section elementor-element elementor-element-23650ae elementor-section-boxed elementor-section-height-default elementor-section-height-default\" data-id=\"23650ae\" data-element_type=\"section\">\n\t\t\t\t\t\t<div class=\"elementor-container elementor-column-gap-default\">\n\t\t\t\t\t<div class=\"elementor-column elementor-col-100 elementor-inner-column elementor-element elementor-element-12dbbc9\" data-id=\"12dbbc9\" data-element_type=\"column\">\n\t\t\t<div class=\"elementor-widget-wrap elementor-element-populated\">\n\t\t\t\t\t\t<div class=\"elementor-element elementor-element-72f4ac1 elementor-widget elementor-widget-heading\" data-id=\"72f4ac1\" data-element_type=\"widget\" data-widget_type=\"heading.default\">\n\t\t\t\t<div class=\"elementor-widget-container\">\n\t\t\t\t\t<h2 class=\"elementor-heading-title elementor-size-default\">Pol\u00edtica de Privacidade<\/h2>\t\t\t\t<\/div>\n\t\t\t\t<\/div>\n\t\t\t\t<div class=\"elementor-element elementor-element-e56476b elementor-widget elementor-widget-text-editor\" data-id=\"e56476b\" data-element_type=\"widget\" data-widget_type=\"text-editor.default\">\n\t\t\t\t<div class=\"elementor-widget-container\">\n\t\t\t\t\t\t\t\t\t<p style=\"text-align: justify;\"><strong>Da estrutura do site<br><\/strong><span style=\"font-family: Poppins, -apple-system, BlinkMacSystemFont, 'Segoe UI', Roboto, Oxygen-Sans, Ubuntu, Cantarell, 'Helvetica Neue', sans-serif; font-size: 15px; font-style: normal; font-variant-ligatures: normal; font-variant-caps: normal; font-weight: 400;\">MacNeeds Propaganda<\/span>&nbsp;\u00e9 uma ag\u00eancia de publicidade e propaganda sediada na cidade de Campinas. Sua miss\u00e3o, vis\u00e3o e valores s\u00e3o criteriosamente observados tamb\u00e9m na coleta e no tratamento das informa\u00e7\u00f5es e dados coletados. O site est\u00e1 estruturado de maneira a coletar o m\u00ednimo poss\u00edvel de informa\u00e7\u00f5es do usu\u00e1rio, priorizando uma navega\u00e7\u00e3o agrad\u00e1vel, por\u00e9m segura.<\/p>\n<p style=\"text-align: justify;\"><strong>Dos dados coletados<br><\/strong>Os dados pessoais coletados pelo site da&nbsp;<span style=\"font-family: Poppins, -apple-system, BlinkMacSystemFont, 'Segoe UI', Roboto, Oxygen-Sans, Ubuntu, Cantarell, 'Helvetica Neue', sans-serif; font-size: 15px; font-style: normal; font-variant-ligatures: normal; font-variant-caps: normal; font-weight: 400;\">MacNeeds Propaganda<\/span>&nbsp;se resumem ao e-mail e nome do usu\u00e1rio, ou seja, somente s\u00e3o coletados os dados efetivamente necess\u00e1rios. Tamb\u00e9m s\u00e3o coletados dados anonimizados pela Google Analytics, mais conhecidos como cookies. Esses dados s\u00e3o usados com fins estat\u00edsticos, a fim de propiciar ao escrit\u00f3rio informa\u00e7\u00f5es de comportamento e perfil do p\u00fablico usu\u00e1rio do site, para a sua constante otimiza\u00e7\u00e3o. \u00c9 oportuno esclarecer que a Google Analytics n\u00e3o coleta dado pessoal algum do usu\u00e1rio, mas apenas informa\u00e7\u00f5es anonimizadas captadas de cada I.P. que navega pelo site.<\/p>\n<p style=\"text-align: justify;\"><strong>Do tratamento dos dados<br><\/strong>Os dados coletados por MacNeeds Propaganda na aba \u201cContato\u201d s\u00e3o usados apenas para fins de contato com a parte solicitante do contato, e no campo \u201cNewsletter\u201d para envio de not\u00edcias e informativos ao solicitante.&nbsp;<span style=\"letter-spacing: 0px;\">Assim sendo, os dados n\u00e3o sofrem qualquer tipo de tratamento que n\u00e3o o armazenamento no banco de dados do escrit\u00f3rio, salvo aqueles cuja elimina\u00e7\u00e3o tenha sido requerida pelo titular da informa\u00e7\u00e3o.&nbsp;<\/span><span style=\"letter-spacing: 0px;\">Em rela\u00e7\u00e3o aos dados coletados pela <em>Google Analytics<\/em>, eles s\u00e3o tratados para o aprimoramento do site, a fim de oferecer uma navega\u00e7\u00e3o agrad\u00e1vel, interessante e esclarecedora.<\/span><\/p>\n<p style=\"text-align: justify;\"><strong style=\"letter-spacing: 0px;\">Do armazenamento de dados<\/strong><b><br><\/b><\/p><p style=\"text-align: justify;\">Os servidores da MacNeeds Propaganda s\u00e3o protegidos por firewall original de qualidade reconhecida no mercado. S\u00e3o protegidos por diversas barreiras f\u00edsicas e virtuais. Tamb\u00e9m s\u00e3o protegidos por refrigera\u00e7\u00e3o constante, sistemas anti-inc\u00eandio e prote\u00e7\u00e3o de backup f\u00edsico e em nuvem. Assim que armazenadas no banco de dados, as informa\u00e7\u00f5es fornecidas pelo usu\u00e1rio est\u00e3o f\u00edsica e virtualmente seguras.<\/p>\n<p style=\"text-align: justify;\"><strong>Do descarte de dados<br><\/strong>O descarte de dados ocorrer\u00e1 apenas na hip\u00f3tese de pedido do titular da informa\u00e7\u00e3o.<\/p>\n<p style=\"text-align: justify;\"><strong>Dos direitos e garantias quanto a coleta e uso da informa\u00e7\u00e3o<br><\/strong>A coleta, o tratamento e o armazenamento dos dados realizados por MacNeeds Propaganda indicados nesta Pol\u00edtica de Privacidade s\u00e3o autorizados pelo usu\u00e1rio no momento do aceite.<\/p>\n<p style=\"text-align: justify;\"><strong>Ao utilizar o site da MacNeeds Propaganda voc\u00ea concorda com esta Pol\u00edtica de Privacidade e consente tacitamente com a coleta, o uso e o tratamento dos dados nos termos acima explicitados.<\/strong><\/p>\t\t\t\t\t\t\t\t<\/div>\n\t\t\t\t<\/div>\n\t\t\t\t\t<\/div>\n\t\t<\/div>\n\t\t\t\t\t<\/div>\n\t\t<\/section>\n\t\t\t\t\t<\/div>\n\t\t<\/div>\n\t\t\t\t\t<\/div>\n\t\t<\/section>\n\t\t\t\t<\/div>\n\t\t","protected":false},"excerpt":{"rendered":"<p>Pol\u00edtica de Privacidade Da estrutura do siteMacNeeds Propaganda&nbsp;\u00e9 uma ag\u00eancia de publicidade e propaganda sediada na cidade de Campinas. Sua<span class=\"excerpt-hellip\"> [\u2026]<\/span><\/p>\n","protected":false},"author":1,"featured_media":0,"parent":0,"menu_order":0,"comment_status":"closed","ping_status":"closed","template":"","meta":{"footnotes":""},"class_list":["post-4582","page","type-page","status-publish","hentry"],"_links":{"self":[{"href":"https:\/\/macneeds.com\/site\/wp-json\/wp\/v2\/pages\/4582","targetHints":{"allow":["GET"]}}],"collection":[{"href":"https:\/\/macneeds.com\/site\/wp-json\/wp\/v2\/pages"}],"about":[{"href":"https:\/\/macneeds.com\/site\/wp-json\/wp\/v2\/types\/page"}],"author":[{"embeddable":true,"href":"https:\/\/macneeds.com\/site\/wp-json\/wp\/v2\/users\/1"}],"replies":[{"embeddable":true,"href":"https:\/\/macneeds.com\/site\/wp-json\/wp\/v2\/comments?post=4582"}],"version-history":[{"count":26,"href":"https:\/\/macneeds.com\/site\/wp-json\/wp\/v2\/pages\/4582\/revisions"}],"predecessor-version":[{"id":4608,"href":"https:\/\/macneeds.com\/site\/wp-json\/wp\/v2\/pages\/4582\/revisions\/4608"}],"wp:attachment":[{"href":"https:\/\/macneeds.com\/site\/wp-json\/wp\/v2\/media?parent=4582"}],"curies":[{"name":"wp","href":"https:\/\/api.w.org\/{rel}","templated":true}]}}